{"id":4349,"date":"2017-03-30T22:48:23","date_gmt":"2017-03-31T04:48:23","guid":{"rendered":"http:\/\/www.fifagdl.com\/blog\/?page_id=4349"},"modified":"2023-06-30T17:23:24","modified_gmt":"2023-06-30T22:23:24","slug":"quiniela","status":"publish","type":"page","link":"https:\/\/www.fifagdl.com\/blog\/quiniela\/","title":{"rendered":"Quiniela UTGOAT y LETHAL GAMING"},"content":{"rendered":"<div class=\"6c702daf7dea253c38456dcd0ea3b9f6\" data-index=\"1\" style=\"float: none; margin:10px 0 10px 0; text-align:center;\">\n<script async src=\"\/\/pagead2.googlesyndication.com\/pagead\/js\/adsbygoogle.js\"><\/script>\r\n<!-- Memo01 -->\r\n<ins class=\"adsbygoogle\"\r\n     style=\"display:block\"\r\n     data-ad-client=\"ca-pub-5076330155114216\"\r\n     data-ad-slot=\"7426194261\"\r\n     data-ad-format=\"auto\"><\/ins>\r\n<script>\r\n(adsbygoogle = window.adsbygoogle || []).push({});\r\n<\/script>\n<\/div>\n<h1>Quiniela UTGOAT y LETHAL GAMING.<\/h1>\n<p>Bienvenidos a la quiniela de UTGOAT y Team Lethal Gaming del la LigaMX, espero les agrade la din\u00e1mica que estaremos haciendo.<\/p>\n<p>Cabe a\u00f1adir, que a la quiniela se suma el equipo de Lethal Gaming lo cual dar\u00e1 mas impulso a la quiniela as\u00ed como a los jugadores de FIFA introduciendo la academia que maneja el equipo.<\/p>\n<h3>Requisitos para participar:<\/h3>\n<ul>\n<li>Darle Like a la pagina de UTGOAT y Team Lethal Gaming <a href=\"https:\/\/www.facebook.com\/UTGOAT\">https:\/\/www.facebook.com\/UTGOAT<\/a><br \/>\n<a href=\"https:\/\/www.facebook.com\/profile.php?id=100075992951355\">Team Lethal Gaming<\/a><\/li>\n<li>O s\u00edguenos en twitter<br \/>\n\u00ab<a href=\"https:\/\/twitter.com\/ut_goat\">https:\/\/twitter.com\/ut_goat<\/a>\u00bb<br \/>\n\u00ab<a href=\"https:\/\/twitter.com\/LethalOficialeS\">https:\/\/twitter.com\/LethalOficialeS<\/a>\u00ab<\/li>\n<li>Llenar la Quiniela<\/li>\n<\/ul>\n<p>Para poder participar hay que seguir los siguientes pasos:<\/p>\n<ol>\n<li>Abrir el sitio <a href=\"https:\/\/www.kicktipp.es\/utgoat\/\">https:\/\/www.kicktipp.es\/utgoat\/<\/a><\/li>\n<li>Presiona en Participar<br \/>\n<img decoding=\"async\" class=\"aligncenter size-full wp-image-9635 lazyload\" data-src=\"https:\/\/www.fifagdl.com\/blog\/wp-content\/uploads\/2020\/09\/Quiniela-FIFAGDL01.png\" alt=\"Quiniela FIFAGDL01\" width=\"1818\" height=\"1300\" data-srcset=\"https:\/\/www.fifagdl.com\/blog\/wp-content\/uploads\/2020\/09\/Quiniela-FIFAGDL01.png 1818w, https:\/\/www.fifagdl.com\/blog\/wp-content\/uploads\/2020\/09\/Quiniela-FIFAGDL01-300x215.png 300w, https:\/\/www.fifagdl.com\/blog\/wp-content\/uploads\/2020\/09\/Quiniela-FIFAGDL01-1024x732.png 1024w, https:\/\/www.fifagdl.com\/blog\/wp-content\/uploads\/2020\/09\/Quiniela-FIFAGDL01-768x549.png 768w, https:\/\/www.fifagdl.com\/blog\/wp-content\/uploads\/2020\/09\/Quiniela-FIFAGDL01-1536x1098.png 1536w\" data-sizes=\"(max-width: 1818px) 100vw, 1818px\" src=\"data:image\/svg+xml;base64,PHN2ZyB3aWR0aD0iMSIgaGVpZ2h0PSIxIiB4bWxucz0iaHR0cDovL3d3dy53My5vcmcvMjAwMC9zdmciPjwvc3ZnPg==\" style=\"--smush-placeholder-width: 1818px; --smush-placeholder-aspect-ratio: 1818\/1300;\" \/><\/li>\n<li>En <strong>Registrar<\/strong> ingresa tu <em><strong>email<\/strong><\/em> y un <em><strong>password, <\/strong>seguido de un <strong>click en \u00a1Registrarse ahora!<\/strong><\/em><a href=\"https:\/\/www.fifagdl.com\/blog\/quiniela\/02-entraface\/\" rel=\"attachment wp-att-4351\"><br \/>\n<\/a><img decoding=\"async\" class=\"aligncenter size-full wp-image-9636 lazyload\" data-src=\"https:\/\/www.fifagdl.com\/blog\/wp-content\/uploads\/2020\/09\/Quiniela-FIFAGDL02.png\" alt=\"Quiniela FIFAGDL02\" width=\"1658\" height=\"1230\" data-srcset=\"https:\/\/www.fifagdl.com\/blog\/wp-content\/uploads\/2020\/09\/Quiniela-FIFAGDL02.png 1658w, https:\/\/www.fifagdl.com\/blog\/wp-content\/uploads\/2020\/09\/Quiniela-FIFAGDL02-300x223.png 300w, https:\/\/www.fifagdl.com\/blog\/wp-content\/uploads\/2020\/09\/Quiniela-FIFAGDL02-1024x760.png 1024w, https:\/\/www.fifagdl.com\/blog\/wp-content\/uploads\/2020\/09\/Quiniela-FIFAGDL02-768x570.png 768w, https:\/\/www.fifagdl.com\/blog\/wp-content\/uploads\/2020\/09\/Quiniela-FIFAGDL02-1536x1139.png 1536w\" data-sizes=\"(max-width: 1658px) 100vw, 1658px\" src=\"data:image\/svg+xml;base64,PHN2ZyB3aWR0aD0iMSIgaGVpZ2h0PSIxIiB4bWxucz0iaHR0cDovL3d3dy53My5vcmcvMjAwMC9zdmciPjwvc3ZnPg==\" style=\"--smush-placeholder-width: 1658px; --smush-placeholder-aspect-ratio: 1658\/1230;\" \/><\/li>\n<li>Revisa que tu registro haya sido exitoso, te debe de salir ventana de bienvenida.<br \/>\n<img decoding=\"async\" class=\"aligncenter size-full wp-image-9637 lazyload\" data-src=\"https:\/\/www.fifagdl.com\/blog\/wp-content\/uploads\/2020\/09\/Quiniela-FIFAGDL03.png\" alt=\"Quiniela FIFAGDL03\" width=\"1710\" height=\"1042\" data-srcset=\"https:\/\/www.fifagdl.com\/blog\/wp-content\/uploads\/2020\/09\/Quiniela-FIFAGDL03.png 1710w, https:\/\/www.fifagdl.com\/blog\/wp-content\/uploads\/2020\/09\/Quiniela-FIFAGDL03-300x183.png 300w, https:\/\/www.fifagdl.com\/blog\/wp-content\/uploads\/2020\/09\/Quiniela-FIFAGDL03-1024x624.png 1024w, https:\/\/www.fifagdl.com\/blog\/wp-content\/uploads\/2020\/09\/Quiniela-FIFAGDL03-768x468.png 768w, https:\/\/www.fifagdl.com\/blog\/wp-content\/uploads\/2020\/09\/Quiniela-FIFAGDL03-1536x936.png 1536w\" data-sizes=\"(max-width: 1710px) 100vw, 1710px\" src=\"data:image\/svg+xml;base64,PHN2ZyB3aWR0aD0iMSIgaGVpZ2h0PSIxIiB4bWxucz0iaHR0cDovL3d3dy53My5vcmcvMjAwMC9zdmciPjwvc3ZnPg==\" style=\"--smush-placeholder-width: 1710px; --smush-placeholder-aspect-ratio: 1710\/1042;\" \/><\/li>\n<li>Abre tu correo, abre el email que te llego de <strong>KICKIPP<\/strong> y activa tu cuenta presionando en \u00ab<em><strong>Confirma direcci\u00f3n de correo electr\u00f3nico<\/strong><\/em>\u00ab.<br \/>\n<img decoding=\"async\" class=\"aligncenter size-full wp-image-9638 lazyload\" data-src=\"https:\/\/www.fifagdl.com\/blog\/wp-content\/uploads\/2020\/09\/Quiniela-FIFAGDL04.png\" alt=\"Quiniela FIFAGDL04\" width=\"2120\" height=\"940\" data-srcset=\"https:\/\/www.fifagdl.com\/blog\/wp-content\/uploads\/2020\/09\/Quiniela-FIFAGDL04.png 2120w, https:\/\/www.fifagdl.com\/blog\/wp-content\/uploads\/2020\/09\/Quiniela-FIFAGDL04-300x133.png 300w, https:\/\/www.fifagdl.com\/blog\/wp-content\/uploads\/2020\/09\/Quiniela-FIFAGDL04-1024x454.png 1024w, https:\/\/www.fifagdl.com\/blog\/wp-content\/uploads\/2020\/09\/Quiniela-FIFAGDL04-768x341.png 768w, https:\/\/www.fifagdl.com\/blog\/wp-content\/uploads\/2020\/09\/Quiniela-FIFAGDL04-1536x681.png 1536w, https:\/\/www.fifagdl.com\/blog\/wp-content\/uploads\/2020\/09\/Quiniela-FIFAGDL04-2048x908.png 2048w\" data-sizes=\"(max-width: 2120px) 100vw, 2120px\" src=\"data:image\/svg+xml;base64,PHN2ZyB3aWR0aD0iMSIgaGVpZ2h0PSIxIiB4bWxucz0iaHR0cDovL3d3dy53My5vcmcvMjAwMC9zdmciPjwvc3ZnPg==\" style=\"--smush-placeholder-width: 2120px; --smush-placeholder-aspect-ratio: 2120\/940;\" \/><\/li>\n<li>Agrega nombre de usuario y despu\u00e9s click en Participar.<br \/>\n<img decoding=\"async\" class=\"aligncenter size-full wp-image-9639 lazyload\" data-src=\"https:\/\/www.fifagdl.com\/blog\/wp-content\/uploads\/2020\/09\/Quiniela-FIFAGDL05.png\" alt=\"Quiniela FIFAGDL05\" width=\"1658\" height=\"1068\" data-srcset=\"https:\/\/www.fifagdl.com\/blog\/wp-content\/uploads\/2020\/09\/Quiniela-FIFAGDL05.png 1658w, https:\/\/www.fifagdl.com\/blog\/wp-content\/uploads\/2020\/09\/Quiniela-FIFAGDL05-300x193.png 300w, https:\/\/www.fifagdl.com\/blog\/wp-content\/uploads\/2020\/09\/Quiniela-FIFAGDL05-1024x660.png 1024w, https:\/\/www.fifagdl.com\/blog\/wp-content\/uploads\/2020\/09\/Quiniela-FIFAGDL05-768x495.png 768w, https:\/\/www.fifagdl.com\/blog\/wp-content\/uploads\/2020\/09\/Quiniela-FIFAGDL05-1536x989.png 1536w\" data-sizes=\"(max-width: 1658px) 100vw, 1658px\" src=\"data:image\/svg+xml;base64,PHN2ZyB3aWR0aD0iMSIgaGVpZ2h0PSIxIiB4bWxucz0iaHR0cDovL3d3dy53My5vcmcvMjAwMC9zdmciPjwvc3ZnPg==\" style=\"--smush-placeholder-width: 1658px; --smush-placeholder-aspect-ratio: 1658\/1068;\" \/><\/li>\n<li>Revisa que tu nombre se haya registrado con \u00e9xito.<br \/>\n<img decoding=\"async\" class=\"aligncenter size-full wp-image-9640 lazyload\" data-src=\"https:\/\/www.fifagdl.com\/blog\/wp-content\/uploads\/2020\/09\/Quiniela-FIFAGDL06.png\" alt=\"Quiniela FIFAGDL06\" width=\"1336\" height=\"654\" data-srcset=\"https:\/\/www.fifagdl.com\/blog\/wp-content\/uploads\/2020\/09\/Quiniela-FIFAGDL06.png 1336w, https:\/\/www.fifagdl.com\/blog\/wp-content\/uploads\/2020\/09\/Quiniela-FIFAGDL06-300x147.png 300w, https:\/\/www.fifagdl.com\/blog\/wp-content\/uploads\/2020\/09\/Quiniela-FIFAGDL06-1024x501.png 1024w, https:\/\/www.fifagdl.com\/blog\/wp-content\/uploads\/2020\/09\/Quiniela-FIFAGDL06-768x376.png 768w\" data-sizes=\"(max-width: 1336px) 100vw, 1336px\" src=\"data:image\/svg+xml;base64,PHN2ZyB3aWR0aD0iMSIgaGVpZ2h0PSIxIiB4bWxucz0iaHR0cDovL3d3dy53My5vcmcvMjAwMC9zdmciPjwvc3ZnPg==\" style=\"--smush-placeholder-width: 1336px; --smush-placeholder-aspect-ratio: 1336\/654;\" \/><\/li>\n<li>En Pron\u00f3sticos llena la quiniela de la Jornada en turno.<br \/>\nDebes introducir el marcador del encuentro. (Leer Regla de Puntaje y ejemplo)<br \/>\n<img decoding=\"async\" class=\"aligncenter size-full wp-image-9641 lazyload\" data-src=\"https:\/\/www.fifagdl.com\/blog\/wp-content\/uploads\/2020\/09\/Quiniela-FIFAGDL07.png\" alt=\"Quiniela FIFAGDL07\" width=\"1658\" height=\"1404\" data-srcset=\"https:\/\/www.fifagdl.com\/blog\/wp-content\/uploads\/2020\/09\/Quiniela-FIFAGDL07.png 1658w, https:\/\/www.fifagdl.com\/blog\/wp-content\/uploads\/2020\/09\/Quiniela-FIFAGDL07-300x254.png 300w, https:\/\/www.fifagdl.com\/blog\/wp-content\/uploads\/2020\/09\/Quiniela-FIFAGDL07-1024x867.png 1024w, https:\/\/www.fifagdl.com\/blog\/wp-content\/uploads\/2020\/09\/Quiniela-FIFAGDL07-768x650.png 768w, https:\/\/www.fifagdl.com\/blog\/wp-content\/uploads\/2020\/09\/Quiniela-FIFAGDL07-1536x1301.png 1536w\" data-sizes=\"(max-width: 1658px) 100vw, 1658px\" src=\"data:image\/svg+xml;base64,PHN2ZyB3aWR0aD0iMSIgaGVpZ2h0PSIxIiB4bWxucz0iaHR0cDovL3d3dy53My5vcmcvMjAwMC9zdmciPjwvc3ZnPg==\" style=\"--smush-placeholder-width: 1658px; --smush-placeholder-aspect-ratio: 1658\/1404;\" \/><\/li>\n<li>\u00a0El ganador sera el que mas puntos acumule por jornada, si hay un empate entre varios usuarios, se har\u00e1 un <strong>sorteo en vivo<\/strong> y de manera aleatoria se sacara al ganador.<\/li>\n<\/ol>\n<blockquote>\n<h2><strong>Premios:<\/strong><\/h2>\n<p>Por <strong>jornada<\/strong> el premio ser\u00e1 <strong>10 dlls + 1hr de Clase<\/strong> con el equipo de Lethal Gaming, el pago del dinero ser\u00e1 via transferencia PayPall, el tipo de cambio ser\u00e1 de acuerdo al d\u00eda de efectuar la transferencia.<\/p>\n<p>Al finalizar el torneo se otorgar\u00e1 el siguiente premio monetario en Moneda nacional de M\u00e9xico adem\u00e1s de clases con la academia Lethal:<\/p>\n<div class=\"\" data-block=\"true\" data-editor=\"5ie4k\" data-offset-key=\"ecmq3-0-0\">\n<div class=\"public-DraftStyleDefault-block public-DraftStyleDefault-ltr\" data-offset-key=\"ecmq3-0-0\"><span data-offset-key=\"ecmq3-0-0\">\ud83e\udd47<\/span><span data-offset-key=\"ecmq3-1-0\">1er lugar: $1,000 MXNy 1 mes de clases<\/span><\/div>\n<\/div>\n<div class=\"\" data-block=\"true\" data-editor=\"5ie4k\" data-offset-key=\"e3qpv-0-0\">\n<div class=\"public-DraftStyleDefault-block public-DraftStyleDefault-ltr\" data-offset-key=\"e3qpv-0-0\"><span data-offset-key=\"e3qpv-0-0\">\ud83e\udd48<\/span><span data-offset-key=\"e3qpv-1-0\">2do lugar: $500 MXN y 2 semanas de clases<\/span><\/div>\n<\/div>\n<div class=\"\" data-block=\"true\" data-editor=\"5ie4k\" data-offset-key=\"9oaep-0-0\">\n<div class=\"public-DraftStyleDefault-block public-DraftStyleDefault-ltr\" data-offset-key=\"9oaep-0-0\"><span data-offset-key=\"9oaep-0-0\">\ud83e\udd49<\/span><span data-offset-key=\"9oaep-1-0\">3er lugar: $200 MXN y 1 semana de clases <\/span><\/div>\n<\/div>\n<p>No habr\u00e1 liguilla, la Quiniela Termina en la \u00faltima jornada de la LigaMx<\/p><\/blockquote>\n<h2>Puntaje:<\/h2>\n<p>Regla de 9 puntos<\/p>\n<div>\n<table>\n<thead>\n<tr>\n<th><\/th>\n<th>Tendencia<\/th>\n<th>Diferencia goles<\/th>\n<th>Resultado<\/th>\n<\/tr>\n<\/thead>\n<tbody>\n<tr>\n<td><b>Victoria local<\/b><\/td>\n<td>2<\/td>\n<td>3<\/td>\n<td>4<\/td>\n<\/tr>\n<tr>\n<td><b>Empate<\/b><\/td>\n<td>3<\/td>\n<td>&#8211;<\/td>\n<td>4<\/td>\n<\/tr>\n<tr>\n<td><b>Victoria visitante<\/b><\/td>\n<td>3<\/td>\n<td>4<\/td>\n<td>5<\/td>\n<\/tr>\n<\/tbody>\n<\/table>\n<p><b>Explicaci\u00f3n general<\/b><\/p>\n<p>En la regla del 9 se reciben puntos por un pron\u00f3stico si la tendencia es correcta. La tendencia es correcta si el participante ha pronosticado el vencedor o si ha pronosticado un empate y es el resultado que finalmente se dio.<\/p>\n<p>Para un pron\u00f3stico correcto se pueden dar diferentes puntuaciones. Para ello, se diferencia entre \u00abTendencia\u00bb, \u00abDiferencia de goles\u00bb y \u00abResultado\u00bb:<\/p>\n<ul>\n<li>La puntuaci\u00f3n \u00abResultado\u00bb se recibe por un pron\u00f3stico de resultado exacto, por ejemplo: Resultado= \u00ab2:1\u00bb &#8211; Pron\u00f3stico = \u00ab2:1\u00bb; Resultado = \u00ab1:1\u00bb &#8211; Pron\u00f3stico = \u00ab1:1\u00bb.<\/li>\n<li>La puntuaci\u00f3n \u00abDiferencia de goles\u00bb se recibe por un pron\u00f3stico de diferencia de goles exacta, por ejemplo: Resultado = \u00ab2:1\u00bb &#8211; Pron\u00f3stico = \u00ab1:0\u00bb; Resultado = \u00ab1:3\u00bb &#8211; Pron\u00f3stico = \u00ab0:2\u00bb. Dado que la \u00abDiferencia de goles\u00bb en el empate es siempre 0, la \u00abTendencia\u00bb y la \u00abDiferencia de goles\u00bb pueden unirse.<\/li>\n<li>La puntuaci\u00f3n \u00abTendencia\u00bb se recibe finalmente si se acierta la tendencia, pero se falla la \u00abDiferencia de goles\u00bb y el \u00abResultado\u00bb exacto, por ejemplo Resultado = \u00ab2:1\u00bb &#8211; Pron\u00f3stico = \u00ab2:0\u00bb; Resultado = \u00ab1:1\u00bb &#8211; Pron\u00f3stico = \u00ab0:0\u00bb<\/li>\n<\/ul>\n<p>Adicionalmente, se puede diferenciar entre \u00abvictoria local\u00bb, \u00abempate\u00bb y \u00abvictoria visitante\u00bb. Dado que las \u00abvictorias visitantes\u00bb son m\u00e1s raras, es p. ej. posible dar m\u00e1s puntos por un pron\u00f3stico de \u00abvictoria visitante\u00bb que por una \u00abvictoria local\u00bb.<\/p>\n<p><b>Ejemplo para la regla \u00abEjemplo regla del 9\u00bb<\/b><\/p>\n<p>Para la regla \u00abEjemplo regla del 9\u00bb resultan por ejemplo los siguientes puntos:<\/p>\n<ul>\n<li>Resultado: \u00ab2:1\u00bb &#8211; Pron\u00f3stico: \u00ab1:2\u00bb -&gt;\u00a0<b>0 Puntos<\/b>\u00a0(Tendencia incorrecta)<\/li>\n<li>Resultado: \u00ab2:1\u00bb &#8211; Pron\u00f3stico: \u00ab1:0\u00bb -&gt;\u00a0<b>3 Puntos<\/b>\u00a0(Victoria local Diferencia de goles)<\/li>\n<li>Resultado: \u00ab1:1\u00bb &#8211; Pron\u00f3stico: \u00ab0:0\u00bb -&gt;\u00a0<b>3 Puntos<\/b>\u00a0(Empate Tendencia)<\/li>\n<li>Resultado: \u00ab1:2\u00bb &#8211; Pron\u00f3stico: \u00ab1:2\u00bb -&gt;\u00a0<b>5 Puntos<\/b>\u00a0(Victoria visitante Resultado)<\/li>\n<\/ul>\n<\/div>\n<!--CusAds0-->\n<div style=\"font-size: 0px; height: 0px; line-height: 0px; margin: 0; padding: 0; clear: both;\"><\/div>","protected":false},"excerpt":{"rendered":"<p>Quiniela UTGOAT y LETHAL GAMING. Bienvenidos a la quiniela de UTGOAT y Team Lethal Gaming del la LigaMX, espero les agrade la din\u00e1mica que estaremos haciendo. Cabe a\u00f1adir, que a la quiniela se suma el equipo de Lethal Gaming lo cual dar\u00e1 mas impulso a la quiniela as\u00ed como a los jugadores de FIFA introduciendo &hellip; <a href=\"https:\/\/www.fifagdl.com\/blog\/quiniela\/\" class=\"more-link\">Seguir leyendo <span class=\"screen-reader-text\">Quiniela UTGOAT y LETHAL GAMING<\/span> <span class=\"meta-nav\">&rarr;<\/span><\/a><\/p>\n","protected":false},"author":1,"featured_media":12972,"parent":0,"menu_order":0,"comment_status":"closed","ping_status":"closed","template":"","meta":{"footnotes":""},"class_list":["post-4349","page","type-page","status-publish","has-post-thumbnail","hentry"],"yoast_head":"<!-- This site is optimized with the Yoast SEO plugin v27.2 - https:\/\/yoast.com\/product\/yoast-seo-wordpress\/ -->\n<title>\u25b7 QUINIELA UTGOAT y LETHAL GAMING - LigaMX fifagdl.com<\/title>\n<meta name=\"description\" content=\"Quiniela UTGOAT y LETHAL GAMING. Bienvenidos a la quiniela de UTGOAT y Team Lethal Gaming del la LigaMX, espero les agrade la din\u00e1mica que estaremos\" \/>\n<meta name=\"robots\" content=\"index, nofollow, max-snippet:-1, max-image-preview:large, max-video-preview:-1\" \/>\n<link rel=\"canonical\" href=\"https:\/\/www.fifagdl.com\/blog\/quiniela\/\" \/>\n<meta property=\"og:locale\" content=\"es_ES\" \/>\n<meta property=\"og:type\" content=\"article\" \/>\n<meta property=\"og:title\" content=\"\u25b7 QUINIELA UTGOAT y LETHAL GAMING - LigaMX fifagdl.com\" \/>\n<meta property=\"og:description\" content=\"Quiniela UTGOAT y LETHAL GAMING. Bienvenidos a la quiniela de UTGOAT y Team Lethal Gaming del la LigaMX, espero les agrade la din\u00e1mica que estaremos\" \/>\n<meta property=\"og:url\" content=\"https:\/\/www.fifagdl.com\/blog\/quiniela\/\" \/>\n<meta property=\"og:site_name\" content=\"UTGOAT Blog\" \/>\n<meta property=\"article:publisher\" content=\"https:\/\/www.facebook.com\/UTGOAT\/\" \/>\n<meta property=\"article:modified_time\" content=\"2023-06-30T22:23:24+00:00\" \/>\n<meta property=\"og:image\" content=\"https:\/\/www.fifagdl.com\/blog\/wp-content\/uploads\/2023\/06\/QuinielaUTGOATLethal.jpg\" \/>\n\t<meta property=\"og:image:width\" content=\"1080\" \/>\n\t<meta property=\"og:image:height\" content=\"1080\" \/>\n\t<meta property=\"og:image:type\" content=\"image\/jpeg\" \/>\n<meta name=\"twitter:card\" content=\"summary_large_image\" \/>\n<meta name=\"twitter:site\" content=\"@ut_goat\" \/>\n<meta name=\"twitter:label1\" content=\"Tiempo de lectura\" \/>\n\t<meta name=\"twitter:data1\" content=\"5 minutos\" \/>\n<script type=\"application\/ld+json\" class=\"yoast-schema-graph\">{\"@context\":\"https:\/\/schema.org\",\"@graph\":[{\"@type\":\"WebPage\",\"@id\":\"https:\/\/www.fifagdl.com\/blog\/quiniela\/\",\"url\":\"https:\/\/www.fifagdl.com\/blog\/quiniela\/\",\"name\":\"\u25b7 QUINIELA UTGOAT y LETHAL GAMING - LigaMX fifagdl.com\",\"isPartOf\":{\"@id\":\"https:\/\/www.fifagdl.com\/blog\/#website\"},\"primaryImageOfPage\":{\"@id\":\"https:\/\/www.fifagdl.com\/blog\/quiniela\/#primaryimage\"},\"image\":{\"@id\":\"https:\/\/www.fifagdl.com\/blog\/quiniela\/#primaryimage\"},\"thumbnailUrl\":\"https:\/\/www.fifagdl.com\/blog\/wp-content\/uploads\/2023\/06\/QuinielaUTGOATLethal.jpg\",\"datePublished\":\"2017-03-31T04:48:23+00:00\",\"dateModified\":\"2023-06-30T22:23:24+00:00\",\"description\":\"Quiniela UTGOAT y LETHAL GAMING. Bienvenidos a la quiniela de UTGOAT y Team Lethal Gaming del la LigaMX, espero les agrade la din\u00e1mica que estaremos\",\"breadcrumb\":{\"@id\":\"https:\/\/www.fifagdl.com\/blog\/quiniela\/#breadcrumb\"},\"inLanguage\":\"es\",\"potentialAction\":[{\"@type\":\"ReadAction\",\"target\":[\"https:\/\/www.fifagdl.com\/blog\/quiniela\/\"]}]},{\"@type\":\"ImageObject\",\"inLanguage\":\"es\",\"@id\":\"https:\/\/www.fifagdl.com\/blog\/quiniela\/#primaryimage\",\"url\":\"https:\/\/www.fifagdl.com\/blog\/wp-content\/uploads\/2023\/06\/QuinielaUTGOATLethal.jpg\",\"contentUrl\":\"https:\/\/www.fifagdl.com\/blog\/wp-content\/uploads\/2023\/06\/QuinielaUTGOATLethal.jpg\",\"width\":1080,\"height\":1080,\"caption\":\"QuinielaUTGOAT+Lethal\"},{\"@type\":\"BreadcrumbList\",\"@id\":\"https:\/\/www.fifagdl.com\/blog\/quiniela\/#breadcrumb\",\"itemListElement\":[{\"@type\":\"ListItem\",\"position\":1,\"name\":\"Home\",\"item\":\"https:\/\/www.fifagdl.com\/blog\/\"},{\"@type\":\"ListItem\",\"position\":2,\"name\":\"Quiniela UTGOAT y LETHAL GAMING\"}]},{\"@type\":\"WebSite\",\"@id\":\"https:\/\/www.fifagdl.com\/blog\/#website\",\"url\":\"https:\/\/www.fifagdl.com\/blog\/\",\"name\":\"UTGOAT Blog\",\"description\":\"Sitio de una comunidad gamer de EA FC\",\"publisher\":{\"@id\":\"https:\/\/www.fifagdl.com\/blog\/#organization\"},\"potentialAction\":[{\"@type\":\"SearchAction\",\"target\":{\"@type\":\"EntryPoint\",\"urlTemplate\":\"https:\/\/www.fifagdl.com\/blog\/?s={search_term_string}\"},\"query-input\":{\"@type\":\"PropertyValueSpecification\",\"valueRequired\":true,\"valueName\":\"search_term_string\"}}],\"inLanguage\":\"es\"},{\"@type\":\"Organization\",\"@id\":\"https:\/\/www.fifagdl.com\/blog\/#organization\",\"name\":\"UTGOAT\",\"url\":\"https:\/\/www.fifagdl.com\/blog\/\",\"logo\":{\"@type\":\"ImageObject\",\"inLanguage\":\"es\",\"@id\":\"https:\/\/www.fifagdl.com\/blog\/#\/schema\/logo\/image\/\",\"url\":\"https:\/\/www.fifagdl.com\/blog\/wp-content\/uploads\/2022\/11\/squared-black.png\",\"contentUrl\":\"https:\/\/www.fifagdl.com\/blog\/wp-content\/uploads\/2022\/11\/squared-black.png\",\"width\":10000,\"height\":9407,\"caption\":\"UTGOAT\"},\"image\":{\"@id\":\"https:\/\/www.fifagdl.com\/blog\/#\/schema\/logo\/image\/\"},\"sameAs\":[\"https:\/\/www.facebook.com\/UTGOAT\/\",\"https:\/\/x.com\/ut_goat\",\"https:\/\/www.instagram.com\/ut.goat\/\",\"https:\/\/www.facebook.com\/UTGOAT\",\"https:\/\/www.youtube.com\/c\/utgoat\"]}]}<\/script>\n<!-- \/ Yoast SEO plugin. -->","yoast_head_json":{"title":"\u25b7 QUINIELA UTGOAT y LETHAL GAMING - LigaMX fifagdl.com","description":"Quiniela UTGOAT y LETHAL GAMING. Bienvenidos a la quiniela de UTGOAT y Team Lethal Gaming del la LigaMX, espero les agrade la din\u00e1mica que estaremos","robots":{"index":"index","follow":"nofollow","max-snippet":"max-snippet:-1","max-image-preview":"max-image-preview:large","max-video-preview":"max-video-preview:-1"},"canonical":"https:\/\/www.fifagdl.com\/blog\/quiniela\/","og_locale":"es_ES","og_type":"article","og_title":"\u25b7 QUINIELA UTGOAT y LETHAL GAMING - LigaMX fifagdl.com","og_description":"Quiniela UTGOAT y LETHAL GAMING. Bienvenidos a la quiniela de UTGOAT y Team Lethal Gaming del la LigaMX, espero les agrade la din\u00e1mica que estaremos","og_url":"https:\/\/www.fifagdl.com\/blog\/quiniela\/","og_site_name":"UTGOAT Blog","article_publisher":"https:\/\/www.facebook.com\/UTGOAT\/","article_modified_time":"2023-06-30T22:23:24+00:00","og_image":[{"width":1080,"height":1080,"url":"https:\/\/www.fifagdl.com\/blog\/wp-content\/uploads\/2023\/06\/QuinielaUTGOATLethal.jpg","type":"image\/jpeg"}],"twitter_card":"summary_large_image","twitter_site":"@ut_goat","twitter_misc":{"Tiempo de lectura":"5 minutos"},"schema":{"@context":"https:\/\/schema.org","@graph":[{"@type":"WebPage","@id":"https:\/\/www.fifagdl.com\/blog\/quiniela\/","url":"https:\/\/www.fifagdl.com\/blog\/quiniela\/","name":"\u25b7 QUINIELA UTGOAT y LETHAL GAMING - LigaMX fifagdl.com","isPartOf":{"@id":"https:\/\/www.fifagdl.com\/blog\/#website"},"primaryImageOfPage":{"@id":"https:\/\/www.fifagdl.com\/blog\/quiniela\/#primaryimage"},"image":{"@id":"https:\/\/www.fifagdl.com\/blog\/quiniela\/#primaryimage"},"thumbnailUrl":"https:\/\/www.fifagdl.com\/blog\/wp-content\/uploads\/2023\/06\/QuinielaUTGOATLethal.jpg","datePublished":"2017-03-31T04:48:23+00:00","dateModified":"2023-06-30T22:23:24+00:00","description":"Quiniela UTGOAT y LETHAL GAMING. Bienvenidos a la quiniela de UTGOAT y Team Lethal Gaming del la LigaMX, espero les agrade la din\u00e1mica que estaremos","breadcrumb":{"@id":"https:\/\/www.fifagdl.com\/blog\/quiniela\/#breadcrumb"},"inLanguage":"es","potentialAction":[{"@type":"ReadAction","target":["https:\/\/www.fifagdl.com\/blog\/quiniela\/"]}]},{"@type":"ImageObject","inLanguage":"es","@id":"https:\/\/www.fifagdl.com\/blog\/quiniela\/#primaryimage","url":"https:\/\/www.fifagdl.com\/blog\/wp-content\/uploads\/2023\/06\/QuinielaUTGOATLethal.jpg","contentUrl":"https:\/\/www.fifagdl.com\/blog\/wp-content\/uploads\/2023\/06\/QuinielaUTGOATLethal.jpg","width":1080,"height":1080,"caption":"QuinielaUTGOAT+Lethal"},{"@type":"BreadcrumbList","@id":"https:\/\/www.fifagdl.com\/blog\/quiniela\/#breadcrumb","itemListElement":[{"@type":"ListItem","position":1,"name":"Home","item":"https:\/\/www.fifagdl.com\/blog\/"},{"@type":"ListItem","position":2,"name":"Quiniela UTGOAT y LETHAL GAMING"}]},{"@type":"WebSite","@id":"https:\/\/www.fifagdl.com\/blog\/#website","url":"https:\/\/www.fifagdl.com\/blog\/","name":"UTGOAT Blog","description":"Sitio de una comunidad gamer de EA FC","publisher":{"@id":"https:\/\/www.fifagdl.com\/blog\/#organization"},"potentialAction":[{"@type":"SearchAction","target":{"@type":"EntryPoint","urlTemplate":"https:\/\/www.fifagdl.com\/blog\/?s={search_term_string}"},"query-input":{"@type":"PropertyValueSpecification","valueRequired":true,"valueName":"search_term_string"}}],"inLanguage":"es"},{"@type":"Organization","@id":"https:\/\/www.fifagdl.com\/blog\/#organization","name":"UTGOAT","url":"https:\/\/www.fifagdl.com\/blog\/","logo":{"@type":"ImageObject","inLanguage":"es","@id":"https:\/\/www.fifagdl.com\/blog\/#\/schema\/logo\/image\/","url":"https:\/\/www.fifagdl.com\/blog\/wp-content\/uploads\/2022\/11\/squared-black.png","contentUrl":"https:\/\/www.fifagdl.com\/blog\/wp-content\/uploads\/2022\/11\/squared-black.png","width":10000,"height":9407,"caption":"UTGOAT"},"image":{"@id":"https:\/\/www.fifagdl.com\/blog\/#\/schema\/logo\/image\/"},"sameAs":["https:\/\/www.facebook.com\/UTGOAT\/","https:\/\/x.com\/ut_goat","https:\/\/www.instagram.com\/ut.goat\/","https:\/\/www.facebook.com\/UTGOAT","https:\/\/www.youtube.com\/c\/utgoat"]}]}},"jetpack_sharing_enabled":true,"_links":{"self":[{"href":"https:\/\/www.fifagdl.com\/blog\/wp-json\/wp\/v2\/pages\/4349","targetHints":{"allow":["GET"]}}],"collection":[{"href":"https:\/\/www.fifagdl.com\/blog\/wp-json\/wp\/v2\/pages"}],"about":[{"href":"https:\/\/www.fifagdl.com\/blog\/wp-json\/wp\/v2\/types\/page"}],"author":[{"embeddable":true,"href":"https:\/\/www.fifagdl.com\/blog\/wp-json\/wp\/v2\/users\/1"}],"replies":[{"embeddable":true,"href":"https:\/\/www.fifagdl.com\/blog\/wp-json\/wp\/v2\/comments?post=4349"}],"version-history":[{"count":19,"href":"https:\/\/www.fifagdl.com\/blog\/wp-json\/wp\/v2\/pages\/4349\/revisions"}],"predecessor-version":[{"id":12974,"href":"https:\/\/www.fifagdl.com\/blog\/wp-json\/wp\/v2\/pages\/4349\/revisions\/12974"}],"wp:featuredmedia":[{"embeddable":true,"href":"https:\/\/www.fifagdl.com\/blog\/wp-json\/wp\/v2\/media\/12972"}],"wp:attachment":[{"href":"https:\/\/www.fifagdl.com\/blog\/wp-json\/wp\/v2\/media?parent=4349"}],"curies":[{"name":"wp","href":"https:\/\/api.w.org\/{rel}","templated":true}]}}