{"id":419,"date":"2015-12-05T13:07:57","date_gmt":"2015-12-05T19:07:57","guid":{"rendered":"http:\/\/www.fifagdl.com\/blog\/?page_id=419"},"modified":"2021-10-20T16:09:27","modified_gmt":"2021-10-20T21:09:27","slug":"contacto","status":"publish","type":"page","link":"https:\/\/www.fifagdl.com\/blog\/contacto\/","title":{"rendered":"CONTACTO FIFAGDL"},"content":{"rendered":"<div class=\"6c702daf7dea253c38456dcd0ea3b9f6\" data-index=\"1\" style=\"float: none; margin:10px 0 10px 0; text-align:center;\">\n<script async src=\"\/\/pagead2.googlesyndication.com\/pagead\/js\/adsbygoogle.js\"><\/script>\r\n<!-- Memo01 -->\r\n<ins class=\"adsbygoogle\"\r\n     style=\"display:block\"\r\n     data-ad-client=\"ca-pub-5076330155114216\"\r\n     data-ad-slot=\"7426194261\"\r\n     data-ad-format=\"auto\"><\/ins>\r\n<script>\r\n(adsbygoogle = window.adsbygoogle || []).push({});\r\n<\/script>\n<\/div>\n<h1>Informaci\u00f3n de Contacto:<\/h1>\n<p>\u00a1Hola FIFERO!<\/p>\n<p><img decoding=\"async\" class=\"alignleft wp-image-6538 lazyload\" data-src=\"https:\/\/www.fifagdl.com\/blog\/wp-content\/uploads\/2018\/08\/fifaGDL_color_2-1.png\" alt=\"\" width=\"360\" height=\"257\" data-srcset=\"https:\/\/www.fifagdl.com\/blog\/wp-content\/uploads\/2018\/08\/fifaGDL_color_2-1.png 1512w, https:\/\/www.fifagdl.com\/blog\/wp-content\/uploads\/2018\/08\/fifaGDL_color_2-1-300x214.png 300w, https:\/\/www.fifagdl.com\/blog\/wp-content\/uploads\/2018\/08\/fifaGDL_color_2-1-768x549.png 768w, https:\/\/www.fifagdl.com\/blog\/wp-content\/uploads\/2018\/08\/fifaGDL_color_2-1-1024x731.png 1024w\" data-sizes=\"(max-width: 360px) 100vw, 360px\" src=\"data:image\/svg+xml;base64,PHN2ZyB3aWR0aD0iMSIgaGVpZ2h0PSIxIiB4bWxucz0iaHR0cDovL3d3dy53My5vcmcvMjAwMC9zdmciPjwvc3ZnPg==\" style=\"--smush-placeholder-width: 360px; --smush-placeholder-aspect-ratio: 360\/257;\" \/><\/p>\n<p>\u00a0<\/p>\n<p>\u00a0<\/p>\n<p>\u00a0<\/p>\n<p>\u00a0<\/p>\n<p>\u00a0<\/p>\n<p>\u00a0<\/p>\n<p>Somos <a href=\"https:\/\/www.facebook.com\/FIFAGDL.INT\/\">FIFAGDL<\/a> una comunidad del mejor video juego del mundo.<\/p>\n<p>Compartimos el amor al f\u00fatbol, video juegos y torneos en l\u00ednea.<\/p>\n<p>Nuestra comunidad tiene a los mejores jugadores de FIFA de Guadalajara y de M\u00e9xico.<\/p>\n<p>Nos encargamos de mantener al tanto de las noticias del mundo del FIFA, informaci\u00f3n de Torneos en Guadalajara as\u00ed como los mas importantes de M\u00e9xico, Noticias sobre Ultimate Team y mas.<\/p>\n<p>Ponte en contacto con nosotros a trav\u00e9s de nuestras redes sociales:<\/p>\n<p>Twitter: <a href=\"https:\/\/twitter.com\/fifagdl\">FIFAGDL<\/a><\/p>\n<p>Facebook: <a href=\"https:\/\/www.facebook.com\/groups\/FIFAGDL\/\">Grupo FIFAGDL<\/a><\/p>\n<p>Pagina de Facebook \u00ab<a href=\"https:\/\/www.facebook.com\/FIFAGDL.INT\/\">https:\/\/www.facebook.com\/FIFAGDL.INT\/<\/a>\u00ab<\/p>\n<p>Youtube\u00a0<a href=\"https:\/\/www.youtube.com\/c\/fif4gdl\">https:\/\/www.youtube.com\/c\/fif4gdl<\/a><\/p>\n<p>O si lo prefieres ponte en contacto a trav\u00e9s de este formulario.<\/p>\n<p>\u00a0<\/p>\n\n\n<div class=\"wp-block-contact-form-7-contact-form-selector\">\n<div class=\"wpcf7 no-js\" id=\"wpcf7-f421-o1\" lang=\"es-ES\" dir=\"ltr\" data-wpcf7-id=\"421\">\n<div class=\"screen-reader-response\"><p role=\"status\" aria-live=\"polite\" aria-atomic=\"true\"><\/p> <ul><\/ul><\/div>\n<form action=\"\/blog\/wp-json\/wp\/v2\/pages\/419#wpcf7-f421-o1\" method=\"post\" class=\"wpcf7-form init\" aria-label=\"Formulario de contacto\" novalidate=\"novalidate\" data-status=\"init\">\n<fieldset class=\"hidden-fields-container\"><input type=\"hidden\" name=\"_wpcf7\" value=\"421\" \/><input type=\"hidden\" name=\"_wpcf7_version\" value=\"6.1.5\" \/><input type=\"hidden\" name=\"_wpcf7_locale\" value=\"es_ES\" \/><input type=\"hidden\" name=\"_wpcf7_unit_tag\" value=\"wpcf7-f421-o1\" \/><input type=\"hidden\" name=\"_wpcf7_container_post\" value=\"0\" \/><input type=\"hidden\" name=\"_wpcf7_posted_data_hash\" value=\"\" \/><input type=\"hidden\" name=\"_wpcf7_recaptcha_response\" value=\"\" \/>\n<\/fieldset>\n<p>Nombre (requerido)\n<\/p>\n<p><span class=\"wpcf7-form-control-wrap\" data-name=\"your-name\"><input size=\"40\" maxlength=\"400\" class=\"wpcf7-form-control wpcf7-text wpcf7-validates-as-required\" id=\"01\" aria-required=\"true\" aria-invalid=\"false\" placeholder=\"Escribe tu Nombre\" value=\"\" type=\"text\" name=\"your-name\" \/><\/span>\n<\/p>\n<p>Correo electr\u00f3nico (requerido)\n<\/p>\n<p><span class=\"wpcf7-form-control-wrap\" data-name=\"your-email\"><input size=\"40\" maxlength=\"400\" class=\"wpcf7-form-control wpcf7-email wpcf7-validates-as-required wpcf7-text wpcf7-validates-as-email\" id=\"02\" aria-required=\"true\" aria-invalid=\"false\" placeholder=\"Escribe tu e-mail\" value=\"\" type=\"email\" name=\"your-email\" \/><\/span>\n<\/p>\n<p>Asunto\n<\/p>\n<p><span class=\"wpcf7-form-control-wrap\" data-name=\"your-subject\"><input size=\"40\" maxlength=\"400\" class=\"wpcf7-form-control wpcf7-text\" id=\"03\" aria-invalid=\"false\" placeholder=\"Escribe tu Asunto\" value=\"\" type=\"text\" name=\"your-subject\" \/><\/span>\n<\/p>\n<p>Tu compa\u00f1ia (opcional)\n<\/p>\n<p><span class=\"wpcf7-form-control-wrap\" data-name=\"your-company\"><input size=\"40\" maxlength=\"400\" class=\"wpcf7-form-control wpcf7-text\" id=\"04\" aria-invalid=\"false\" placeholder=\"Escribe tu compa\u00f1ia\" value=\"\" type=\"text\" name=\"your-company\" \/><\/span>\n<\/p>\n<p>Mensaje\n<\/p>\n<p><span class=\"wpcf7-form-control-wrap\" data-name=\"your-message\"><textarea cols=\"40\" rows=\"10\" maxlength=\"2000\" class=\"wpcf7-form-control wpcf7-textarea\" id=\"05\" aria-invalid=\"false\" placeholder=\"Escribe tus Comentarios\" name=\"your-message\"><\/textarea><\/span>\n<\/p>\n<p><input class=\"wpcf7-form-control wpcf7-submit has-spinner\" type=\"submit\" value=\"Enviar\" \/>\n<\/p><p style=\"display: none !important;\" class=\"akismet-fields-container\" data-prefix=\"_wpcf7_ak_\"><label>&#916;<textarea name=\"_wpcf7_ak_hp_textarea\" cols=\"45\" rows=\"8\" maxlength=\"100\"><\/textarea><\/label><input type=\"hidden\" id=\"ak_js_1\" name=\"_wpcf7_ak_js\" value=\"238\"\/><script>document.getElementById( \"ak_js_1\" ).setAttribute( \"value\", ( new Date() ).getTime() );<\/script><\/p><div class=\"wpcf7-response-output\" aria-hidden=\"true\"><\/div>\n<\/form>\n<\/div>\n<\/div>\n<!--CusAds0-->\n<div style=\"font-size: 0px; height: 0px; line-height: 0px; margin: 0; padding: 0; clear: both;\"><\/div>","protected":false},"excerpt":{"rendered":"<p>Informaci\u00f3n de Contacto: \u00a1Hola FIFERO! \u00a0 \u00a0 \u00a0 \u00a0 \u00a0 \u00a0 Somos FIFAGDL una comunidad del mejor video juego del mundo. Compartimos el amor al f\u00fatbol, video juegos y torneos en l\u00ednea. Nuestra comunidad tiene a los mejores jugadores de FIFA de Guadalajara y de M\u00e9xico. Nos encargamos de mantener al tanto de las noticias &hellip; <a href=\"https:\/\/www.fifagdl.com\/blog\/contacto\/\" class=\"more-link\">Seguir leyendo <span class=\"screen-reader-text\">CONTACTO FIFAGDL<\/span> <span class=\"meta-nav\">&rarr;<\/span><\/a><\/p>\n","protected":false},"author":1,"featured_media":0,"parent":0,"menu_order":0,"comment_status":"closed","ping_status":"closed","template":"","meta":{"footnotes":""},"class_list":["post-419","page","type-page","status-publish","hentry"],"yoast_head":"<!-- This site is optimized with the Yoast SEO plugin v27.2 - https:\/\/yoast.com\/product\/yoast-seo-wordpress\/ -->\n<title>\u25b7 COMO CONTACTAR A LOS ADMIS DE FIFAGDL - FORMULARIO \ud83c\udfae<\/title>\n<meta name=\"description\" content=\"Contacto. Ponte en contacto con el Administrador del sitio FIFAGDL.COM. Espero tus sugerencia e informacion.\" \/>\n<meta name=\"robots\" content=\"index, nofollow, max-snippet:-1, max-image-preview:large, max-video-preview:-1\" \/>\n<link rel=\"canonical\" href=\"https:\/\/www.fifagdl.com\/blog\/contacto\/\" \/>\n<meta property=\"og:locale\" content=\"es_ES\" \/>\n<meta property=\"og:type\" content=\"article\" \/>\n<meta property=\"og:title\" content=\"\u25b7 COMO CONTACTAR A LOS ADMIS DE FIFAGDL - FORMULARIO \ud83c\udfae\" \/>\n<meta property=\"og:description\" content=\"Contacto. Ponte en contacto con el Administrador del sitio FIFAGDL.COM. Espero tus sugerencia e informacion.\" \/>\n<meta property=\"og:url\" content=\"https:\/\/www.fifagdl.com\/blog\/contacto\/\" \/>\n<meta property=\"og:site_name\" content=\"UTGOAT Blog\" \/>\n<meta property=\"article:publisher\" content=\"https:\/\/www.facebook.com\/UTGOAT\/\" \/>\n<meta property=\"article:modified_time\" content=\"2021-10-20T21:09:27+00:00\" \/>\n<meta property=\"og:image\" content=\"http:\/\/www.fifagdl.com\/blog\/wp-content\/uploads\/2018\/08\/fifaGDL_color_2-1.png\" \/>\n<meta name=\"twitter:card\" content=\"summary_large_image\" \/>\n<meta name=\"twitter:site\" content=\"@ut_goat\" \/>\n<meta name=\"twitter:label1\" content=\"Tiempo de lectura\" \/>\n\t<meta name=\"twitter:data1\" content=\"1 minuto\" \/>\n<script type=\"application\/ld+json\" class=\"yoast-schema-graph\">{\"@context\":\"https:\/\/schema.org\",\"@graph\":[{\"@type\":\"WebPage\",\"@id\":\"https:\/\/www.fifagdl.com\/blog\/contacto\/\",\"url\":\"https:\/\/www.fifagdl.com\/blog\/contacto\/\",\"name\":\"\u25b7 COMO CONTACTAR A LOS ADMIS DE FIFAGDL - FORMULARIO \ud83c\udfae\",\"isPartOf\":{\"@id\":\"https:\/\/www.fifagdl.com\/blog\/#website\"},\"primaryImageOfPage\":{\"@id\":\"https:\/\/www.fifagdl.com\/blog\/contacto\/#primaryimage\"},\"image\":{\"@id\":\"https:\/\/www.fifagdl.com\/blog\/contacto\/#primaryimage\"},\"thumbnailUrl\":\"http:\/\/www.fifagdl.com\/blog\/wp-content\/uploads\/2018\/08\/fifaGDL_color_2-1.png\",\"datePublished\":\"2015-12-05T19:07:57+00:00\",\"dateModified\":\"2021-10-20T21:09:27+00:00\",\"description\":\"Contacto. Ponte en contacto con el Administrador del sitio FIFAGDL.COM. Espero tus sugerencia e informacion.\",\"breadcrumb\":{\"@id\":\"https:\/\/www.fifagdl.com\/blog\/contacto\/#breadcrumb\"},\"inLanguage\":\"es\",\"potentialAction\":[{\"@type\":\"ReadAction\",\"target\":[\"https:\/\/www.fifagdl.com\/blog\/contacto\/\"]}]},{\"@type\":\"ImageObject\",\"inLanguage\":\"es\",\"@id\":\"https:\/\/www.fifagdl.com\/blog\/contacto\/#primaryimage\",\"url\":\"http:\/\/www.fifagdl.com\/blog\/wp-content\/uploads\/2018\/08\/fifaGDL_color_2-1.png\",\"contentUrl\":\"http:\/\/www.fifagdl.com\/blog\/wp-content\/uploads\/2018\/08\/fifaGDL_color_2-1.png\"},{\"@type\":\"BreadcrumbList\",\"@id\":\"https:\/\/www.fifagdl.com\/blog\/contacto\/#breadcrumb\",\"itemListElement\":[{\"@type\":\"ListItem\",\"position\":1,\"name\":\"Home\",\"item\":\"https:\/\/www.fifagdl.com\/blog\/\"},{\"@type\":\"ListItem\",\"position\":2,\"name\":\"CONTACTO FIFAGDL\"}]},{\"@type\":\"WebSite\",\"@id\":\"https:\/\/www.fifagdl.com\/blog\/#website\",\"url\":\"https:\/\/www.fifagdl.com\/blog\/\",\"name\":\"UTGOAT Blog\",\"description\":\"Sitio de una comunidad gamer de EA FC\",\"publisher\":{\"@id\":\"https:\/\/www.fifagdl.com\/blog\/#organization\"},\"potentialAction\":[{\"@type\":\"SearchAction\",\"target\":{\"@type\":\"EntryPoint\",\"urlTemplate\":\"https:\/\/www.fifagdl.com\/blog\/?s={search_term_string}\"},\"query-input\":{\"@type\":\"PropertyValueSpecification\",\"valueRequired\":true,\"valueName\":\"search_term_string\"}}],\"inLanguage\":\"es\"},{\"@type\":\"Organization\",\"@id\":\"https:\/\/www.fifagdl.com\/blog\/#organization\",\"name\":\"UTGOAT\",\"url\":\"https:\/\/www.fifagdl.com\/blog\/\",\"logo\":{\"@type\":\"ImageObject\",\"inLanguage\":\"es\",\"@id\":\"https:\/\/www.fifagdl.com\/blog\/#\/schema\/logo\/image\/\",\"url\":\"https:\/\/www.fifagdl.com\/blog\/wp-content\/uploads\/2022\/11\/squared-black.png\",\"contentUrl\":\"https:\/\/www.fifagdl.com\/blog\/wp-content\/uploads\/2022\/11\/squared-black.png\",\"width\":10000,\"height\":9407,\"caption\":\"UTGOAT\"},\"image\":{\"@id\":\"https:\/\/www.fifagdl.com\/blog\/#\/schema\/logo\/image\/\"},\"sameAs\":[\"https:\/\/www.facebook.com\/UTGOAT\/\",\"https:\/\/x.com\/ut_goat\",\"https:\/\/www.instagram.com\/ut.goat\/\",\"https:\/\/www.facebook.com\/UTGOAT\",\"https:\/\/www.youtube.com\/c\/utgoat\"]}]}<\/script>\n<!-- \/ Yoast SEO plugin. -->","yoast_head_json":{"title":"\u25b7 COMO CONTACTAR A LOS ADMIS DE FIFAGDL - FORMULARIO \ud83c\udfae","description":"Contacto. Ponte en contacto con el Administrador del sitio FIFAGDL.COM. Espero tus sugerencia e informacion.","robots":{"index":"index","follow":"nofollow","max-snippet":"max-snippet:-1","max-image-preview":"max-image-preview:large","max-video-preview":"max-video-preview:-1"},"canonical":"https:\/\/www.fifagdl.com\/blog\/contacto\/","og_locale":"es_ES","og_type":"article","og_title":"\u25b7 COMO CONTACTAR A LOS ADMIS DE FIFAGDL - FORMULARIO \ud83c\udfae","og_description":"Contacto. Ponte en contacto con el Administrador del sitio FIFAGDL.COM. Espero tus sugerencia e informacion.","og_url":"https:\/\/www.fifagdl.com\/blog\/contacto\/","og_site_name":"UTGOAT Blog","article_publisher":"https:\/\/www.facebook.com\/UTGOAT\/","article_modified_time":"2021-10-20T21:09:27+00:00","og_image":[{"url":"http:\/\/www.fifagdl.com\/blog\/wp-content\/uploads\/2018\/08\/fifaGDL_color_2-1.png","type":"","width":"","height":""}],"twitter_card":"summary_large_image","twitter_site":"@ut_goat","twitter_misc":{"Tiempo de lectura":"1 minuto"},"schema":{"@context":"https:\/\/schema.org","@graph":[{"@type":"WebPage","@id":"https:\/\/www.fifagdl.com\/blog\/contacto\/","url":"https:\/\/www.fifagdl.com\/blog\/contacto\/","name":"\u25b7 COMO CONTACTAR A LOS ADMIS DE FIFAGDL - FORMULARIO \ud83c\udfae","isPartOf":{"@id":"https:\/\/www.fifagdl.com\/blog\/#website"},"primaryImageOfPage":{"@id":"https:\/\/www.fifagdl.com\/blog\/contacto\/#primaryimage"},"image":{"@id":"https:\/\/www.fifagdl.com\/blog\/contacto\/#primaryimage"},"thumbnailUrl":"http:\/\/www.fifagdl.com\/blog\/wp-content\/uploads\/2018\/08\/fifaGDL_color_2-1.png","datePublished":"2015-12-05T19:07:57+00:00","dateModified":"2021-10-20T21:09:27+00:00","description":"Contacto. Ponte en contacto con el Administrador del sitio FIFAGDL.COM. Espero tus sugerencia e informacion.","breadcrumb":{"@id":"https:\/\/www.fifagdl.com\/blog\/contacto\/#breadcrumb"},"inLanguage":"es","potentialAction":[{"@type":"ReadAction","target":["https:\/\/www.fifagdl.com\/blog\/contacto\/"]}]},{"@type":"ImageObject","inLanguage":"es","@id":"https:\/\/www.fifagdl.com\/blog\/contacto\/#primaryimage","url":"http:\/\/www.fifagdl.com\/blog\/wp-content\/uploads\/2018\/08\/fifaGDL_color_2-1.png","contentUrl":"http:\/\/www.fifagdl.com\/blog\/wp-content\/uploads\/2018\/08\/fifaGDL_color_2-1.png"},{"@type":"BreadcrumbList","@id":"https:\/\/www.fifagdl.com\/blog\/contacto\/#breadcrumb","itemListElement":[{"@type":"ListItem","position":1,"name":"Home","item":"https:\/\/www.fifagdl.com\/blog\/"},{"@type":"ListItem","position":2,"name":"CONTACTO FIFAGDL"}]},{"@type":"WebSite","@id":"https:\/\/www.fifagdl.com\/blog\/#website","url":"https:\/\/www.fifagdl.com\/blog\/","name":"UTGOAT Blog","description":"Sitio de una comunidad gamer de EA FC","publisher":{"@id":"https:\/\/www.fifagdl.com\/blog\/#organization"},"potentialAction":[{"@type":"SearchAction","target":{"@type":"EntryPoint","urlTemplate":"https:\/\/www.fifagdl.com\/blog\/?s={search_term_string}"},"query-input":{"@type":"PropertyValueSpecification","valueRequired":true,"valueName":"search_term_string"}}],"inLanguage":"es"},{"@type":"Organization","@id":"https:\/\/www.fifagdl.com\/blog\/#organization","name":"UTGOAT","url":"https:\/\/www.fifagdl.com\/blog\/","logo":{"@type":"ImageObject","inLanguage":"es","@id":"https:\/\/www.fifagdl.com\/blog\/#\/schema\/logo\/image\/","url":"https:\/\/www.fifagdl.com\/blog\/wp-content\/uploads\/2022\/11\/squared-black.png","contentUrl":"https:\/\/www.fifagdl.com\/blog\/wp-content\/uploads\/2022\/11\/squared-black.png","width":10000,"height":9407,"caption":"UTGOAT"},"image":{"@id":"https:\/\/www.fifagdl.com\/blog\/#\/schema\/logo\/image\/"},"sameAs":["https:\/\/www.facebook.com\/UTGOAT\/","https:\/\/x.com\/ut_goat","https:\/\/www.instagram.com\/ut.goat\/","https:\/\/www.facebook.com\/UTGOAT","https:\/\/www.youtube.com\/c\/utgoat"]}]}},"jetpack_sharing_enabled":true,"_links":{"self":[{"href":"https:\/\/www.fifagdl.com\/blog\/wp-json\/wp\/v2\/pages\/419","targetHints":{"allow":["GET"]}}],"collection":[{"href":"https:\/\/www.fifagdl.com\/blog\/wp-json\/wp\/v2\/pages"}],"about":[{"href":"https:\/\/www.fifagdl.com\/blog\/wp-json\/wp\/v2\/types\/page"}],"author":[{"embeddable":true,"href":"https:\/\/www.fifagdl.com\/blog\/wp-json\/wp\/v2\/users\/1"}],"replies":[{"embeddable":true,"href":"https:\/\/www.fifagdl.com\/blog\/wp-json\/wp\/v2\/comments?post=419"}],"version-history":[{"count":13,"href":"https:\/\/www.fifagdl.com\/blog\/wp-json\/wp\/v2\/pages\/419\/revisions"}],"predecessor-version":[{"id":10505,"href":"https:\/\/www.fifagdl.com\/blog\/wp-json\/wp\/v2\/pages\/419\/revisions\/10505"}],"wp:attachment":[{"href":"https:\/\/www.fifagdl.com\/blog\/wp-json\/wp\/v2\/media?parent=419"}],"curies":[{"name":"wp","href":"https:\/\/api.w.org\/{rel}","templated":true}]}}